{"id":2106,"date":"2022-08-12T18:52:51","date_gmt":"2022-08-12T18:52:51","guid":{"rendered":"https:\/\/www.enviroaccess.ca\/enviro-liens\/gestion-des-ressources-naturelles\/"},"modified":"2025-07-16T21:10:49","modified_gmt":"2025-07-16T21:10:49","slug":"natural-ressources-management","status":"publish","type":"page","link":"https:\/\/www.enviroaccess.ca\/en\/enviro-links\/natural-ressources-management\/","title":{"rendered":"Natural Ressources Management"},"content":{"rendered":"\t\t<div data-elementor-type=\"wp-page\" data-elementor-id=\"2106\" class=\"elementor elementor-2106 elementor-1088\">\n\t\t\t\t\t\t<section class=\"elementor-section elementor-top-section elementor-element elementor-element-233d0d41 elementor-section-full_width qode_elementor_container_inner elementor-section-height-default elementor-section-height-default parallax_section_no\" data-id=\"233d0d41\" data-element_type=\"section\">\n\t\t\t\t\t\t<div class=\"elementor-container elementor-column-gap-no\">\n\t\t\t\t\t<div class=\"elementor-column elementor-col-100 elementor-top-column elementor-element elementor-element-1ef4990c\" data-id=\"1ef4990c\" data-element_type=\"column\">\n\t\t\t<div class=\"elementor-widget-wrap elementor-element-populated\">\n\t\t\t\t\t\t<div class=\"elementor-element elementor-element-7373941 elementor-widget elementor-widget-text-editor\" data-id=\"7373941\" data-element_type=\"widget\" data-widget_type=\"text-editor.default\">\n\t\t\t\t<div class=\"elementor-widget-container\">\n\t\t\t\t\t\t\t\t\t<p>Where to go when you need more information about the logging and mining industry.<\/p>\t\t\t\t\t\t\t\t<\/div>\n\t\t\t\t<\/div>\n\t\t\t\t\t<\/div>\n\t\t<\/div>\n\t\t\t\t\t<\/div>\n\t\t<\/section>\n\t\t\t\t<section class=\"elementor-section elementor-top-section elementor-element elementor-element-3e73566 elementor-section-full_width qode_elementor_container_inner elementor-section-height-default elementor-section-height-default parallax_section_no\" data-id=\"3e73566\" data-element_type=\"section\">\n\t\t\t\t\t\t<div class=\"elementor-container elementor-column-gap-no\">\n\t\t\t\t\t<div class=\"elementor-column elementor-col-100 elementor-top-column elementor-element elementor-element-de98f29\" data-id=\"de98f29\" data-element_type=\"column\">\n\t\t\t<div class=\"elementor-widget-wrap elementor-element-populated\">\n\t\t\t\t\t\t<div class=\"elementor-element elementor-element-a7ab5b3 elementor-widget elementor-widget-text-editor\" data-id=\"a7ab5b3\" data-element_type=\"widget\" data-widget_type=\"text-editor.default\">\n\t\t\t\t<div class=\"elementor-widget-container\">\n\t\t\t\t\t\t\t\t\t<p><a title=\"This site is a non-profit, private initiative on the Internet, intended to facilitate access by Internet users to the growing number of sites that provide information on forests and forestry in Canada. \" href=\"http:\/\/www.canadian-forests.com\/\" target=\"_blank\" rel=\"noopener\">Canadian Forests<\/a><br \/>This site is a non-profit, private initiative on the Internet, intended to facilitate access by Internet users to the growing number of sites that provide information on forests and forestry in Canada.<\/p><p>\u00a0<\/p><p><a title=\"The Canadian Forest Service promotes the sustainable development of Canada's forests and competitiveness of the Canadian forest sector.\" href=\"https:\/\/www.nrcan.gc.ca\/our-natural-resources\/forests-forestry\/the-canadian-forest-service\/about-canadian-forest-service\/17545\" target=\"_blank\" rel=\"noopener\">Canadian Forest Service<\/a><br \/>The Canadian Forest Service promotes the sustainable development of Canada\u2019s forests and competitiveness of the Canadian forest sector.<\/p><p>\u00a0<\/p><p><a title=\"The Canadian Institute of Forestry has been the national voice of forest practitioners since 1908. Our mission is to advance the stewardship of Canada's forest resources, provide national leadership in forestry, promote competence among forestry professio\" href=\"https:\/\/www.cif-ifc.org\/\" target=\"_blank\" rel=\"noopener\">Canadian Institute Forestry<\/a><br \/>The Canadian Institute of Forestry has been the national voice of forest practitioners since 1908. Our mission is to advance the stewardship of Canada\u2019s forest resources, provide national leadership in forestry, promote competence among forestry professionals, and foster public awareness of Canadian and international forestry issues.<\/p><p>\u00a0<\/p><p><a title=\"To promote the use and acceptance of internationally recognized sustainable forest management certification standards in Canada in order for Canadian producers to continually move towards sustainable forest management, secure a sustainable supply of raw m\" href=\"https:\/\/certificationcanada.org\/en\/home\/\" target=\"_blank\" rel=\"noopener\">Canadian Sustainable Forestry Certification Coalition<\/a><br \/>To promote the use and acceptance of internationally recognized sustainable forest management certification standards in Canada in order for Canadian producers to continually move towards sustainable forest management, secure a sustainable supply of raw material, and to ensure marketplace acceptance of Canadian forest products.<\/p><p>\u00a0<\/p><p><a title=\"ForestNet is a digital broadcasting station on the World Wide Web that provides forestry and financial information to the forest products industry.\" href=\"http:\/\/www.forestnet.com\/\" target=\"_blank\" rel=\"noopener\">ForestNet<\/a><br \/>ForestNet is a digital broadcasting station on the World Wide Web that provides forestry and financial information to the forest products industry.<\/p><p>\u00a0<\/p><p><a title=\"GESTIM allows you to consult the public register of real and immovable mining rights and to acquire mining titles from the Minist\u00c3\u00a8re des Ressources naturelles et de la Faune.\" href=\"https:\/\/mern.gouv.qc.ca\/en\/mines\/mining-rights\/mining-title-management-system-gestim\/\" target=\"_blank\" rel=\"noopener\">Gestion des titres miniers (GESTIM)<\/a><br \/>GESTIM allows you to consult the public register of real and immovable mining rights and to acquire mining titles from the Minist\u00c3\u00a8re des Ressources naturelles et de la Faune.<\/p><p>\u00a0<\/p><p><a title=\"Site du minist\u00e8re des Ressources naturelles et de la Faune (MRNF) sur les mines qui comprend des informations sur la g\u00e9ologie, les titres miniers, la restauration mini\u00e8re, l'investissement et la fiscalit\u00e9 ainsi que sur\u00a0l'industrie mini\u00e8re et les substance\" href=\"https:\/\/mern.gouv.qc.ca\/en\/\" target=\"_blank\" rel=\"noopener\">Minist\u00e8re de l\u2019\u00c9nergie et des Ressources naturelles<\/a><br \/>Minist\u00e8re de l\u2019\u00c9nergie et des Ressources naturelles which includes, among other things, informations on geology, titles mining, mining restoration, investment and taxation as well as on the mining industry and the exploited substances.<\/p><p>\u00a0<\/p><p><a title=\"Canadian-based non-profit organization, dedicated to improving the technical and professional capabilities of its members worldwide, and to the advancement of the pulp and paper industry.\" href=\"https:\/\/www.paptac.ca\/\" target=\"_blank\" rel=\"noopener\">Pulp and Paper Technical Association of Canada (PAPTAC)<\/a><br \/>Canadian-based non-profit organization, dedicated to improving the technical and professional capabilities of its members worldwide, and to the advancement of the pulp and paper industry.<\/p><p>\u00a0<\/p><p><a title=\"Forest &amp; Forestry Section of the Environmental Organization Web Directory. \" href=\"http:\/\/www.webdirectory.com\/Science\/Agriculture\/Forestry\/\" target=\"_blank\" rel=\"noopener\">Web Directory \/ Forestry<\/a><br \/>Forest &amp; Forestry Section of the Environmental Organization Web Directory.<\/p>\t\t\t\t\t\t\t\t<\/div>\n\t\t\t\t<\/div>\n\t\t\t\t\t<\/div>\n\t\t<\/div>\n\t\t\t\t\t<\/div>\n\t\t<\/section>\n\t\t\t\t<section class=\"elementor-section elementor-top-section elementor-element elementor-element-620b7e6 elementor-section-boxed elementor-section-height-default elementor-section-height-default parallax_section_no qode_elementor_container_no\" data-id=\"620b7e6\" data-element_type=\"section\" data-settings=\"{&quot;background_background&quot;:&quot;classic&quot;}\">\n\t\t\t\t\t\t<div class=\"elementor-container elementor-column-gap-default\">\n\t\t\t\t\t<div class=\"elementor-column elementor-col-100 elementor-top-column elementor-element elementor-element-57d7bc7\" data-id=\"57d7bc7\" data-element_type=\"column\">\n\t\t\t<div class=\"elementor-widget-wrap elementor-element-populated\">\n\t\t\t\t\t\t<div class=\"elementor-element elementor-element-9899368 elementor-widget elementor-widget-spacer\" data-id=\"9899368\" data-element_type=\"widget\" data-widget_type=\"spacer.default\">\n\t\t\t\t<div class=\"elementor-widget-container\">\n\t\t\t\t\t\t\t<div class=\"elementor-spacer\">\n\t\t\t<div class=\"elementor-spacer-inner\"><\/div>\n\t\t<\/div>\n\t\t\t\t\t\t<\/div>\n\t\t\t\t<\/div>\n\t\t\t\t\t<\/div>\n\t\t<\/div>\n\t\t\t\t\t<\/div>\n\t\t<\/section>\n\t\t\t\t<section class=\"elementor-section elementor-top-section elementor-element elementor-element-0b9f68d elementor-section-boxed elementor-section-height-default elementor-section-height-default parallax_section_no qode_elementor_container_no\" data-id=\"0b9f68d\" data-element_type=\"section\" data-settings=\"{&quot;background_background&quot;:&quot;classic&quot;}\">\n\t\t\t\t\t\t\t<div class=\"elementor-background-overlay\"><\/div>\n\t\t\t\t\t\t\t<div class=\"elementor-container elementor-column-gap-default\">\n\t\t\t\t\t<div class=\"elementor-column elementor-col-100 elementor-top-column elementor-element elementor-element-bf73103\" data-id=\"bf73103\" data-element_type=\"column\">\n\t\t\t<div class=\"elementor-widget-wrap elementor-element-populated\">\n\t\t\t\t\t\t<div class=\"elementor-element elementor-element-ef4e60b elementor-widget elementor-widget-spacer\" data-id=\"ef4e60b\" data-element_type=\"widget\" data-widget_type=\"spacer.default\">\n\t\t\t\t<div class=\"elementor-widget-container\">\n\t\t\t\t\t\t\t<div class=\"elementor-spacer\">\n\t\t\t<div class=\"elementor-spacer-inner\"><\/div>\n\t\t<\/div>\n\t\t\t\t\t\t<\/div>\n\t\t\t\t<\/div>\n\t\t\t\t<section class=\"elementor-section elementor-inner-section elementor-element elementor-element-f6586d4 elementor-section-boxed elementor-section-height-default elementor-section-height-default parallax_section_no qode_elementor_container_no\" data-id=\"f6586d4\" data-element_type=\"section\">\n\t\t\t\t\t\t<div class=\"elementor-container elementor-column-gap-default\">\n\t\t\t\t\t<div class=\"elementor-column elementor-col-100 elementor-inner-column elementor-element elementor-element-3cb3284\" data-id=\"3cb3284\" data-element_type=\"column\">\n\t\t\t<div class=\"elementor-widget-wrap elementor-element-populated\">\n\t\t\t\t\t\t<div class=\"elementor-element elementor-element-a7bb06d elementor-widget elementor-widget-text-editor\" data-id=\"a7bb06d\" data-element_type=\"widget\" data-widget_type=\"text-editor.default\">\n\t\t\t\t<div class=\"elementor-widget-container\">\n\t\t\t\t\t\t\t\t\t<h6><span style=\"color: #ffffff;\">Help us improve our information tools<\/span><\/h6>\t\t\t\t\t\t\t\t<\/div>\n\t\t\t\t<\/div>\n\t\t\t\t<div class=\"elementor-element elementor-element-3ef7834 elementor-widget elementor-widget-text-editor\" data-id=\"3ef7834\" data-element_type=\"widget\" data-widget_type=\"text-editor.default\">\n\t\t\t\t<div class=\"elementor-widget-container\">\n\t\t\t\t\t\t\t\t\t<h4><span style=\"color: #ffffff;\">Enviro-links and Directory of Companies<\/span><\/h4>\t\t\t\t\t\t\t\t<\/div>\n\t\t\t\t<\/div>\n\t\t\t\t<div class=\"elementor-element elementor-element-494571a elementor-widget elementor-widget-text-editor\" data-id=\"494571a\" data-element_type=\"widget\" data-widget_type=\"text-editor.default\">\n\t\t\t\t<div class=\"elementor-widget-container\">\n\t\t\t\t\t\t\t\t\t<span style=\"color: #ffffff;\">Contact us for any other questions or information requests<\/span>\t\t\t\t\t\t\t\t<\/div>\n\t\t\t\t<\/div>\n\t\t\t\t<div class=\"elementor-element elementor-element-915f77c elementor-widget elementor-widget-bridge_button\" data-id=\"915f77c\" data-element_type=\"widget\" data-widget_type=\"bridge_button.default\">\n\t\t\t\t<div class=\"elementor-widget-container\">\n\t\t\t\t\t<a  itemprop=\"url\" href=\"https:\/\/www.enviroaccess.ca\/en\/contact-us\/\" target=\"_blank\" data-hover-background-color='#FFFFFF' data-hover-border-color='#76BC21' data-hover-color='#76BC21' class=\"qbutton  default\" style=\"color: #FFFFFF; border-color: #76BC21; background-color: #76BC21;\">Contact us<\/a>\t\t\t\t<\/div>\n\t\t\t\t<\/div>\n\t\t\t\t\t<\/div>\n\t\t<\/div>\n\t\t\t\t\t<\/div>\n\t\t<\/section>\n\t\t\t\t<div class=\"elementor-element elementor-element-290713e elementor-widget elementor-widget-spacer\" data-id=\"290713e\" data-element_type=\"widget\" data-widget_type=\"spacer.default\">\n\t\t\t\t<div class=\"elementor-widget-container\">\n\t\t\t\t\t\t\t<div class=\"elementor-spacer\">\n\t\t\t<div class=\"elementor-spacer-inner\"><\/div>\n\t\t<\/div>\n\t\t\t\t\t\t<\/div>\n\t\t\t\t<\/div>\n\t\t\t\t\t<\/div>\n\t\t<\/div>\n\t\t\t\t\t<\/div>\n\t\t<\/section>\n\t\t\t\t<\/div>\n\t\t","protected":false},"excerpt":{"rendered":"<p>Where to go when you need more information about the logging and mining industry. Canadian ForestsThis site is a non-profit, private initiative on the Internet, intended to facilitate access by Internet users to the growing number of sites that provide information on forests and forestry&#8230;<\/p>\n","protected":false},"author":1,"featured_media":0,"parent":2089,"menu_order":0,"comment_status":"closed","ping_status":"closed","template":"","meta":{"_monsterinsights_skip_tracking":false,"_monsterinsights_sitenote_active":false,"_monsterinsights_sitenote_note":"","_monsterinsights_sitenote_category":0,"footnotes":""},"class_list":["post-2106","page","type-page","status-publish","hentry"],"yoast_head":"<!-- This site is optimized with the Yoast SEO plugin v25.9 - https:\/\/yoast.com\/wordpress\/plugins\/seo\/ -->\n<title>Natural Ressources Management - Enviro-acc\u00e8s<\/title>\n<meta name=\"robots\" content=\"index, follow, max-snippet:-1, max-image-preview:large, max-video-preview:-1\" \/>\n<link rel=\"canonical\" href=\"https:\/\/www.enviroaccess.ca\/enviro-liens\/gestion-des-ressources-naturelles\/\" \/>\n<meta property=\"og:locale\" content=\"en_US\" \/>\n<meta property=\"og:type\" content=\"article\" \/>\n<meta property=\"og:title\" content=\"Natural Ressources Management - Enviro-acc\u00e8s\" \/>\n<meta property=\"og:description\" content=\"Where to go when you need more information about the logging and mining industry. Canadian ForestsThis site is a non-profit, private initiative on the Internet, intended to facilitate access by Internet users to the growing number of sites that provide information on forests and forestry...\" \/>\n<meta property=\"og:url\" content=\"https:\/\/www.enviroaccess.ca\/enviro-liens\/gestion-des-ressources-naturelles\/\" \/>\n<meta property=\"og:site_name\" content=\"Enviro-acc\u00e8s\" \/>\n<meta property=\"article:modified_time\" content=\"2025-07-16T21:10:49+00:00\" \/>\n<meta name=\"twitter:card\" content=\"summary_large_image\" \/>\n<meta name=\"twitter:label1\" content=\"Est. reading time\" \/>\n\t<meta name=\"twitter:data1\" content=\"2 minutes\" \/>\n<script type=\"application\/ld+json\" class=\"yoast-schema-graph\">{\"@context\":\"https:\/\/schema.org\",\"@graph\":[{\"@type\":\"WebPage\",\"@id\":\"https:\/\/www.enviroaccess.ca\/enviro-liens\/gestion-des-ressources-naturelles\/\",\"url\":\"https:\/\/www.enviroaccess.ca\/enviro-liens\/gestion-des-ressources-naturelles\/\",\"name\":\"Natural Ressources Management - Enviro-acc\u00e8s\",\"isPartOf\":{\"@id\":\"https:\/\/www.enviroaccess.ca\/#website\"},\"datePublished\":\"2022-08-12T18:52:51+00:00\",\"dateModified\":\"2025-07-16T21:10:49+00:00\",\"breadcrumb\":{\"@id\":\"https:\/\/www.enviroaccess.ca\/enviro-liens\/gestion-des-ressources-naturelles\/#breadcrumb\"},\"inLanguage\":\"en-CA\",\"potentialAction\":[{\"@type\":\"ReadAction\",\"target\":[\"https:\/\/www.enviroaccess.ca\/enviro-liens\/gestion-des-ressources-naturelles\/\"]}]},{\"@type\":\"BreadcrumbList\",\"@id\":\"https:\/\/www.enviroaccess.ca\/enviro-liens\/gestion-des-ressources-naturelles\/#breadcrumb\",\"itemListElement\":[{\"@type\":\"ListItem\",\"position\":1,\"name\":\"Accueil\",\"item\":\"https:\/\/www.enviroaccess.ca\/en\/\"},{\"@type\":\"ListItem\",\"position\":2,\"name\":\"Enviro-links\",\"item\":\"https:\/\/www.enviroaccess.ca\/en\/enviro-links\/\"},{\"@type\":\"ListItem\",\"position\":3,\"name\":\"Natural Ressources Management\"}]},{\"@type\":\"WebSite\",\"@id\":\"https:\/\/www.enviroaccess.ca\/#website\",\"url\":\"https:\/\/www.enviroaccess.ca\/\",\"name\":\"Enviro-acc\u00e8s\",\"description\":\"Un site utilisant WordPress\",\"potentialAction\":[{\"@type\":\"SearchAction\",\"target\":{\"@type\":\"EntryPoint\",\"urlTemplate\":\"https:\/\/www.enviroaccess.ca\/?s={search_term_string}\"},\"query-input\":{\"@type\":\"PropertyValueSpecification\",\"valueRequired\":true,\"valueName\":\"search_term_string\"}}],\"inLanguage\":\"en-CA\"}]}<\/script>\n<!-- \/ Yoast SEO plugin. -->","yoast_head_json":{"title":"Natural Ressources Management - Enviro-acc\u00e8s","robots":{"index":"index","follow":"follow","max-snippet":"max-snippet:-1","max-image-preview":"max-image-preview:large","max-video-preview":"max-video-preview:-1"},"canonical":"https:\/\/www.enviroaccess.ca\/enviro-liens\/gestion-des-ressources-naturelles\/","og_locale":"en_US","og_type":"article","og_title":"Natural Ressources Management - Enviro-acc\u00e8s","og_description":"Where to go when you need more information about the logging and mining industry. Canadian ForestsThis site is a non-profit, private initiative on the Internet, intended to facilitate access by Internet users to the growing number of sites that provide information on forests and forestry...","og_url":"https:\/\/www.enviroaccess.ca\/enviro-liens\/gestion-des-ressources-naturelles\/","og_site_name":"Enviro-acc\u00e8s","article_modified_time":"2025-07-16T21:10:49+00:00","twitter_card":"summary_large_image","twitter_misc":{"Est. reading time":"2 minutes"},"schema":{"@context":"https:\/\/schema.org","@graph":[{"@type":"WebPage","@id":"https:\/\/www.enviroaccess.ca\/enviro-liens\/gestion-des-ressources-naturelles\/","url":"https:\/\/www.enviroaccess.ca\/enviro-liens\/gestion-des-ressources-naturelles\/","name":"Natural Ressources Management - Enviro-acc\u00e8s","isPartOf":{"@id":"https:\/\/www.enviroaccess.ca\/#website"},"datePublished":"2022-08-12T18:52:51+00:00","dateModified":"2025-07-16T21:10:49+00:00","breadcrumb":{"@id":"https:\/\/www.enviroaccess.ca\/enviro-liens\/gestion-des-ressources-naturelles\/#breadcrumb"},"inLanguage":"en-CA","potentialAction":[{"@type":"ReadAction","target":["https:\/\/www.enviroaccess.ca\/enviro-liens\/gestion-des-ressources-naturelles\/"]}]},{"@type":"BreadcrumbList","@id":"https:\/\/www.enviroaccess.ca\/enviro-liens\/gestion-des-ressources-naturelles\/#breadcrumb","itemListElement":[{"@type":"ListItem","position":1,"name":"Accueil","item":"https:\/\/www.enviroaccess.ca\/en\/"},{"@type":"ListItem","position":2,"name":"Enviro-links","item":"https:\/\/www.enviroaccess.ca\/en\/enviro-links\/"},{"@type":"ListItem","position":3,"name":"Natural Ressources Management"}]},{"@type":"WebSite","@id":"https:\/\/www.enviroaccess.ca\/#website","url":"https:\/\/www.enviroaccess.ca\/","name":"Enviro-acc\u00e8s","description":"Un site utilisant WordPress","potentialAction":[{"@type":"SearchAction","target":{"@type":"EntryPoint","urlTemplate":"https:\/\/www.enviroaccess.ca\/?s={search_term_string}"},"query-input":{"@type":"PropertyValueSpecification","valueRequired":true,"valueName":"search_term_string"}}],"inLanguage":"en-CA"}]}},"_links":{"self":[{"href":"https:\/\/www.enviroaccess.ca\/en\/wp-json\/wp\/v2\/pages\/2106","targetHints":{"allow":["GET"]}}],"collection":[{"href":"https:\/\/www.enviroaccess.ca\/en\/wp-json\/wp\/v2\/pages"}],"about":[{"href":"https:\/\/www.enviroaccess.ca\/en\/wp-json\/wp\/v2\/types\/page"}],"author":[{"embeddable":true,"href":"https:\/\/www.enviroaccess.ca\/en\/wp-json\/wp\/v2\/users\/1"}],"replies":[{"embeddable":true,"href":"https:\/\/www.enviroaccess.ca\/en\/wp-json\/wp\/v2\/comments?post=2106"}],"version-history":[{"count":10,"href":"https:\/\/www.enviroaccess.ca\/en\/wp-json\/wp\/v2\/pages\/2106\/revisions"}],"predecessor-version":[{"id":3661,"href":"https:\/\/www.enviroaccess.ca\/en\/wp-json\/wp\/v2\/pages\/2106\/revisions\/3661"}],"up":[{"embeddable":true,"href":"https:\/\/www.enviroaccess.ca\/en\/wp-json\/wp\/v2\/pages\/2089"}],"wp:attachment":[{"href":"https:\/\/www.enviroaccess.ca\/en\/wp-json\/wp\/v2\/media?parent=2106"}],"curies":[{"name":"wp","href":"https:\/\/api.w.org\/{rel}","templated":true}]}}