{"id":2102,"date":"2022-08-12T18:52:08","date_gmt":"2022-08-12T18:52:08","guid":{"rendered":"https:\/\/www.enviroaccess.ca\/enviro-liens\/gestion-des-matieres-residuelles\/"},"modified":"2025-07-16T21:13:14","modified_gmt":"2025-07-16T21:13:14","slug":"waste-management","status":"publish","type":"page","link":"https:\/\/www.enviroaccess.ca\/en\/enviro-links\/waste-management\/","title":{"rendered":"Waste Management"},"content":{"rendered":"\t\t<div data-elementor-type=\"wp-page\" data-elementor-id=\"2102\" class=\"elementor elementor-2102 elementor-1086\">\n\t\t\t\t\t\t<section class=\"elementor-section elementor-top-section elementor-element elementor-element-233d0d41 elementor-section-full_width qode_elementor_container_inner elementor-section-height-default elementor-section-height-default parallax_section_no\" data-id=\"233d0d41\" data-element_type=\"section\">\n\t\t\t\t\t\t<div class=\"elementor-container elementor-column-gap-no\">\n\t\t\t\t\t<div class=\"elementor-column elementor-col-100 elementor-top-column elementor-element elementor-element-1ef4990c\" data-id=\"1ef4990c\" data-element_type=\"column\">\n\t\t\t<div class=\"elementor-widget-wrap elementor-element-populated\">\n\t\t\t\t\t\t<div class=\"elementor-element elementor-element-7373941 elementor-widget elementor-widget-text-editor\" data-id=\"7373941\" data-element_type=\"widget\" data-widget_type=\"text-editor.default\">\n\t\t\t\t<div class=\"elementor-widget-container\">\n\t\t\t\t\t\t\t\t\t<p>Explore our section on residual materials.<\/p>\t\t\t\t\t\t\t\t<\/div>\n\t\t\t\t<\/div>\n\t\t\t\t\t<\/div>\n\t\t<\/div>\n\t\t\t\t\t<\/div>\n\t\t<\/section>\n\t\t\t\t<section class=\"elementor-section elementor-top-section elementor-element elementor-element-3e73566 elementor-section-full_width qode_elementor_container_inner elementor-section-height-default elementor-section-height-default parallax_section_no\" data-id=\"3e73566\" data-element_type=\"section\">\n\t\t\t\t\t\t<div class=\"elementor-container elementor-column-gap-no\">\n\t\t\t\t\t<div class=\"elementor-column elementor-col-100 elementor-top-column elementor-element elementor-element-de98f29\" data-id=\"de98f29\" data-element_type=\"column\">\n\t\t\t<div class=\"elementor-widget-wrap elementor-element-populated\">\n\t\t\t\t\t\t<div class=\"elementor-element elementor-element-a7ab5b3 elementor-widget elementor-widget-text-editor\" data-id=\"a7ab5b3\" data-element_type=\"widget\" data-widget_type=\"text-editor.default\">\n\t\t\t\t<div class=\"elementor-widget-container\">\n\t\t\t\t\t\t\t\t\t<p><a title=\"The Recycling Council of Ontario is a not-for-profit organization committed to minimizing society's impact on the environment by eliminating waste. RCO's mission is to inform and educate all members of society about the generation of waste, the avoidance \" href=\"https:\/\/circularinnovation.ca\/\" target=\"_blank\" rel=\"noopener\">Circular Innovation Council of Ontario<\/a><br \/>The Circular Innovation Council of Ontario is a not-for-profit organization committed to minimizing society\u2019s impact on the environment by eliminating waste. The Council\u2019s mission is to inform and educate all members of society about the generation of waste, the avoidance of waste, the more efficient use of resources and the benefits and\/or consequences of these activities. Since its inception in 1978,\u00a0the\u00a0Circular Innovation Council has actively assisted municipalities, corporations, other organizations and individuals in reducing their waste.<\/p><p>\u00a0<\/p><p><a title=\"Les Composts du Qu\u00e9bec inc. a pour mission d\u2019\u00eatre un chef de file dans le domaine du compostage des mati\u00e8res organiques d\u2019origine agricole, foresti\u00e8re, industrielle et municipale, ainsi que dans la fabrication et la commercialisation de terreaux horticole\" href=\"https:\/\/www.englobe-composts.com\/en-ca\/services\/material-management-beneficial-reuse\/organic-waste-management\" target=\"_blank\" rel=\"noopener\">Englobe \u2013 Organic Waste Management and Composting<\/a><br \/>One of Englobe\u2019s missions is to be a leader in the field of composting organic matter of agricultural, forestry, industrial and municipal origin, as well as in the manufacture and marketing of specialized horticultural soils made from compost. Through its activities and transmission of its expertise, the company makes an essential environmental contribution to sustainable development of its environment.<\/p><p>\u00a0<\/p><p><a title=\"Assocation that works to set up collection locations for expanded polystyrene recycling. \" href=\"http:\/\/www.epspackaging.org\/\" target=\"_blank\" rel=\"noopener\">EPS Industry Alliance Packaging<\/a><br \/>Assocation that works to set up collection locations for expanded polystyrene recycling.<\/p><p>\u00a0<\/p><p><a title=\"The Glass Packaging Institute (GPI) serves as the voice for the glass container industry in Washington, D.C., and across the country. GPI serves its member companies through legislative, public relations, promotional and technical activities. GPI also rep\" href=\"http:\/\/www.gpi.org\/\" target=\"_blank\" rel=\"noopener\">Glass Packaging Institute (GPI)<\/a><br \/>The Glass Packaging Institute (GPI) serves as the voice for the glass container industry in Washington, D.C., and across the country. GPI serves its member companies through legislative, public relations, promotional and technical activities. GPI also represents Canadian and Mexican glass container companies and numerous suppliers.<\/p><p>\u00a0<\/p><p><a title=\"Global Recycling Network is an electronic information exchange that specializes in the trade of recyclables reclaimed in Municipal Solid Waste (MSW) streams, as well as the marketing of eco-friendly products.\" href=\"http:\/\/grn.com\/\" target=\"_blank\" rel=\"noopener\">Global Recycling Network<\/a><br \/>Global Recycling Network is an electronic information exchange that specializes in the trade of recyclables reclaimed in Municipal Solid Waste (MSW) streams, as well as the marketing of eco-friendly products.<\/p><p>\u00a0<\/p><p><a title=\"Omega Recycling Technologies con\u00e7oit et fabrique des machines de recyclage de d\u00e9chets depuis 1982. Elle se sp\u00e9cialise dans les machines de recyclage de solvants ou d'huiles.\" href=\"https:\/\/www.maratek.com\/about\" target=\"_blank\" rel=\"noopener\">Maratek \u2013 Solvent recycling<\/a><br \/>Omega Systems specializes in solvent recycling systems as well as oil and water recycling machines.<\/p><p>\u00a0<\/p><p><a title=\"Site offering information on the recycling business in Canada and in the US. Business directories, associations, and publications all grouped according to specific recycling interests, whether it is batteries, fiber, leather, metal, etc. \" href=\"http:\/\/www.recycle.net\/\" target=\"_blank\" rel=\"noopener\">Recycler\u2019s World<\/a><br \/>Site offering information on the recycling business in Canada and in the US. Business directories, associations, and publications all grouped according to specific recycling interests, whether it is batteries, fiber, leather, metal, etc.<\/p><p>\u00a0<\/p><p><a title=\"The Soci\u00c3\u00a9t\u00c3\u00a9 qu\u00c3\u00a9b\u00c3\u00a9coise de r\u00c3\u00a9cup\u00c3\u00a9ration et de recyclage, RECYC-QU\u00c3\u2030BEC, promotes, develops and supports the reduction, reuse, recovery and recycling of containers, packaging, materials or products, as well as their transformation from a resource cons\" href=\"https:\/\/www.recyc-quebec.gouv.qc.ca\/\" target=\"_blank\" rel=\"noopener\">Recyc-Qu\u00e9bec<\/a><br \/>The Societe quebecoise de recuperation et de recyclage, RECYC-QUEBEC, promotes, develops and supports the reduction, reuse, recovery and recycling of containers, packaging, materials or products, as well as their transformation from a resource conservation perspective.<\/p><p>\u00a0<\/p><p><a title=\"EOWD's resources on recycling, from chemical recycling and composting, to supplies and waste management. \" href=\"http:\/\/www.webdirectory.com\/Recycling\/\" target=\"_blank\" rel=\"noopener\">Web Directory \/ Recycling<\/a><br \/>EOWD\u2019s resources on recycling, from chemical recycling and composting, to supplies and waste management.<\/p>\t\t\t\t\t\t\t\t<\/div>\n\t\t\t\t<\/div>\n\t\t\t\t\t<\/div>\n\t\t<\/div>\n\t\t\t\t\t<\/div>\n\t\t<\/section>\n\t\t\t\t<section class=\"elementor-section elementor-top-section elementor-element elementor-element-620b7e6 elementor-section-boxed elementor-section-height-default elementor-section-height-default parallax_section_no qode_elementor_container_no\" data-id=\"620b7e6\" data-element_type=\"section\" data-settings=\"{&quot;background_background&quot;:&quot;classic&quot;}\">\n\t\t\t\t\t\t<div class=\"elementor-container elementor-column-gap-default\">\n\t\t\t\t\t<div class=\"elementor-column elementor-col-100 elementor-top-column elementor-element elementor-element-57d7bc7\" data-id=\"57d7bc7\" data-element_type=\"column\">\n\t\t\t<div class=\"elementor-widget-wrap elementor-element-populated\">\n\t\t\t\t\t\t<div class=\"elementor-element elementor-element-9899368 elementor-widget elementor-widget-spacer\" data-id=\"9899368\" data-element_type=\"widget\" data-widget_type=\"spacer.default\">\n\t\t\t\t<div class=\"elementor-widget-container\">\n\t\t\t\t\t\t\t<div class=\"elementor-spacer\">\n\t\t\t<div class=\"elementor-spacer-inner\"><\/div>\n\t\t<\/div>\n\t\t\t\t\t\t<\/div>\n\t\t\t\t<\/div>\n\t\t\t\t\t<\/div>\n\t\t<\/div>\n\t\t\t\t\t<\/div>\n\t\t<\/section>\n\t\t\t\t<section class=\"elementor-section elementor-top-section elementor-element elementor-element-d001fb7 elementor-section-boxed elementor-section-height-default elementor-section-height-default parallax_section_no qode_elementor_container_no\" data-id=\"d001fb7\" data-element_type=\"section\" data-settings=\"{&quot;background_background&quot;:&quot;classic&quot;}\">\n\t\t\t\t\t\t\t<div class=\"elementor-background-overlay\"><\/div>\n\t\t\t\t\t\t\t<div class=\"elementor-container elementor-column-gap-default\">\n\t\t\t\t\t<div class=\"elementor-column elementor-col-100 elementor-top-column elementor-element elementor-element-57067f5\" data-id=\"57067f5\" data-element_type=\"column\">\n\t\t\t<div class=\"elementor-widget-wrap elementor-element-populated\">\n\t\t\t\t\t\t<div class=\"elementor-element elementor-element-2e08695 elementor-widget elementor-widget-spacer\" data-id=\"2e08695\" data-element_type=\"widget\" data-widget_type=\"spacer.default\">\n\t\t\t\t<div class=\"elementor-widget-container\">\n\t\t\t\t\t\t\t<div class=\"elementor-spacer\">\n\t\t\t<div class=\"elementor-spacer-inner\"><\/div>\n\t\t<\/div>\n\t\t\t\t\t\t<\/div>\n\t\t\t\t<\/div>\n\t\t\t\t<section class=\"elementor-section elementor-inner-section elementor-element elementor-element-c03d8f7 elementor-section-boxed elementor-section-height-default elementor-section-height-default parallax_section_no qode_elementor_container_no\" data-id=\"c03d8f7\" data-element_type=\"section\">\n\t\t\t\t\t\t<div class=\"elementor-container elementor-column-gap-default\">\n\t\t\t\t\t<div class=\"elementor-column elementor-col-100 elementor-inner-column elementor-element elementor-element-455aa95\" data-id=\"455aa95\" data-element_type=\"column\">\n\t\t\t<div class=\"elementor-widget-wrap elementor-element-populated\">\n\t\t\t\t\t\t<div class=\"elementor-element elementor-element-4bff0d9 elementor-widget elementor-widget-text-editor\" data-id=\"4bff0d9\" data-element_type=\"widget\" data-widget_type=\"text-editor.default\">\n\t\t\t\t<div class=\"elementor-widget-container\">\n\t\t\t\t\t\t\t\t\t<h6><span style=\"color: #ffffff;\">Help us improve our information tools<\/span><\/h6>\t\t\t\t\t\t\t\t<\/div>\n\t\t\t\t<\/div>\n\t\t\t\t<div class=\"elementor-element elementor-element-c904318 elementor-widget elementor-widget-text-editor\" data-id=\"c904318\" data-element_type=\"widget\" data-widget_type=\"text-editor.default\">\n\t\t\t\t<div class=\"elementor-widget-container\">\n\t\t\t\t\t\t\t\t\t<h4><span style=\"color: #ffffff;\">Enviro-links and Directory of Companies<\/span><\/h4>\t\t\t\t\t\t\t\t<\/div>\n\t\t\t\t<\/div>\n\t\t\t\t<div class=\"elementor-element elementor-element-0ab4971 elementor-widget elementor-widget-text-editor\" data-id=\"0ab4971\" data-element_type=\"widget\" data-widget_type=\"text-editor.default\">\n\t\t\t\t<div class=\"elementor-widget-container\">\n\t\t\t\t\t\t\t\t\t<span style=\"color: #ffffff;\">Contact us for any other questions or information requests<\/span>\t\t\t\t\t\t\t\t<\/div>\n\t\t\t\t<\/div>\n\t\t\t\t<div class=\"elementor-element elementor-element-96b6fca elementor-widget elementor-widget-bridge_button\" data-id=\"96b6fca\" data-element_type=\"widget\" data-widget_type=\"bridge_button.default\">\n\t\t\t\t<div class=\"elementor-widget-container\">\n\t\t\t\t\t<a  itemprop=\"url\" href=\"https:\/\/www.enviroaccess.ca\/en\/contact-us\/\" target=\"_blank\" data-hover-background-color='#FFFFFF' data-hover-border-color='#76BC21' data-hover-color='#76BC21' class=\"qbutton  default\" style=\"color: #FFFFFF; border-color: #76BC21; background-color: #76BC21;\">Contact us<\/a>\t\t\t\t<\/div>\n\t\t\t\t<\/div>\n\t\t\t\t\t<\/div>\n\t\t<\/div>\n\t\t\t\t\t<\/div>\n\t\t<\/section>\n\t\t\t\t<div class=\"elementor-element elementor-element-8d280c2 elementor-widget elementor-widget-spacer\" data-id=\"8d280c2\" data-element_type=\"widget\" data-widget_type=\"spacer.default\">\n\t\t\t\t<div class=\"elementor-widget-container\">\n\t\t\t\t\t\t\t<div class=\"elementor-spacer\">\n\t\t\t<div class=\"elementor-spacer-inner\"><\/div>\n\t\t<\/div>\n\t\t\t\t\t\t<\/div>\n\t\t\t\t<\/div>\n\t\t\t\t\t<\/div>\n\t\t<\/div>\n\t\t\t\t\t<\/div>\n\t\t<\/section>\n\t\t\t\t<\/div>\n\t\t","protected":false},"excerpt":{"rendered":"<p>Explore our section on residual materials. Circular Innovation Council of OntarioThe Circular Innovation Council of Ontario is a not-for-profit organization committed to minimizing society\u2019s impact on the environment by eliminating waste. The Council\u2019s mission is to inform and educate all members of society about the&#8230;<\/p>\n","protected":false},"author":1,"featured_media":0,"parent":2089,"menu_order":0,"comment_status":"closed","ping_status":"closed","template":"","meta":{"_monsterinsights_skip_tracking":false,"_monsterinsights_sitenote_active":false,"_monsterinsights_sitenote_note":"","_monsterinsights_sitenote_category":0,"footnotes":""},"class_list":["post-2102","page","type-page","status-publish","hentry"],"yoast_head":"<!-- This site is optimized with the Yoast SEO plugin v25.9 - https:\/\/yoast.com\/wordpress\/plugins\/seo\/ -->\n<title>Waste Management - Enviro-acc\u00e8s<\/title>\n<meta name=\"robots\" content=\"index, follow, max-snippet:-1, max-image-preview:large, max-video-preview:-1\" \/>\n<link rel=\"canonical\" href=\"https:\/\/www.enviroaccess.ca\/enviro-liens\/gestion-des-matieres-residuelles\/\" \/>\n<meta property=\"og:locale\" content=\"en_US\" \/>\n<meta property=\"og:type\" content=\"article\" \/>\n<meta property=\"og:title\" content=\"Waste Management - Enviro-acc\u00e8s\" \/>\n<meta property=\"og:description\" content=\"Explore our section on residual materials. Circular Innovation Council of OntarioThe Circular Innovation Council of Ontario is a not-for-profit organization committed to minimizing society\u2019s impact on the environment by eliminating waste. The Council\u2019s mission is to inform and educate all members of society about the...\" \/>\n<meta property=\"og:url\" content=\"https:\/\/www.enviroaccess.ca\/enviro-liens\/gestion-des-matieres-residuelles\/\" \/>\n<meta property=\"og:site_name\" content=\"Enviro-acc\u00e8s\" \/>\n<meta property=\"article:modified_time\" content=\"2025-07-16T21:13:14+00:00\" \/>\n<meta name=\"twitter:card\" content=\"summary_large_image\" \/>\n<meta name=\"twitter:label1\" content=\"Est. reading time\" \/>\n\t<meta name=\"twitter:data1\" content=\"2 minutes\" \/>\n<script type=\"application\/ld+json\" class=\"yoast-schema-graph\">{\"@context\":\"https:\/\/schema.org\",\"@graph\":[{\"@type\":\"WebPage\",\"@id\":\"https:\/\/www.enviroaccess.ca\/enviro-liens\/gestion-des-matieres-residuelles\/\",\"url\":\"https:\/\/www.enviroaccess.ca\/enviro-liens\/gestion-des-matieres-residuelles\/\",\"name\":\"Waste Management - Enviro-acc\u00e8s\",\"isPartOf\":{\"@id\":\"https:\/\/www.enviroaccess.ca\/#website\"},\"datePublished\":\"2022-08-12T18:52:08+00:00\",\"dateModified\":\"2025-07-16T21:13:14+00:00\",\"breadcrumb\":{\"@id\":\"https:\/\/www.enviroaccess.ca\/enviro-liens\/gestion-des-matieres-residuelles\/#breadcrumb\"},\"inLanguage\":\"en-CA\",\"potentialAction\":[{\"@type\":\"ReadAction\",\"target\":[\"https:\/\/www.enviroaccess.ca\/enviro-liens\/gestion-des-matieres-residuelles\/\"]}]},{\"@type\":\"BreadcrumbList\",\"@id\":\"https:\/\/www.enviroaccess.ca\/enviro-liens\/gestion-des-matieres-residuelles\/#breadcrumb\",\"itemListElement\":[{\"@type\":\"ListItem\",\"position\":1,\"name\":\"Accueil\",\"item\":\"https:\/\/www.enviroaccess.ca\/en\/\"},{\"@type\":\"ListItem\",\"position\":2,\"name\":\"Enviro-links\",\"item\":\"https:\/\/www.enviroaccess.ca\/en\/enviro-links\/\"},{\"@type\":\"ListItem\",\"position\":3,\"name\":\"Waste Management\"}]},{\"@type\":\"WebSite\",\"@id\":\"https:\/\/www.enviroaccess.ca\/#website\",\"url\":\"https:\/\/www.enviroaccess.ca\/\",\"name\":\"Enviro-acc\u00e8s\",\"description\":\"Un site utilisant WordPress\",\"potentialAction\":[{\"@type\":\"SearchAction\",\"target\":{\"@type\":\"EntryPoint\",\"urlTemplate\":\"https:\/\/www.enviroaccess.ca\/?s={search_term_string}\"},\"query-input\":{\"@type\":\"PropertyValueSpecification\",\"valueRequired\":true,\"valueName\":\"search_term_string\"}}],\"inLanguage\":\"en-CA\"}]}<\/script>\n<!-- \/ Yoast SEO plugin. -->","yoast_head_json":{"title":"Waste Management - Enviro-acc\u00e8s","robots":{"index":"index","follow":"follow","max-snippet":"max-snippet:-1","max-image-preview":"max-image-preview:large","max-video-preview":"max-video-preview:-1"},"canonical":"https:\/\/www.enviroaccess.ca\/enviro-liens\/gestion-des-matieres-residuelles\/","og_locale":"en_US","og_type":"article","og_title":"Waste Management - Enviro-acc\u00e8s","og_description":"Explore our section on residual materials. Circular Innovation Council of OntarioThe Circular Innovation Council of Ontario is a not-for-profit organization committed to minimizing society\u2019s impact on the environment by eliminating waste. The Council\u2019s mission is to inform and educate all members of society about the...","og_url":"https:\/\/www.enviroaccess.ca\/enviro-liens\/gestion-des-matieres-residuelles\/","og_site_name":"Enviro-acc\u00e8s","article_modified_time":"2025-07-16T21:13:14+00:00","twitter_card":"summary_large_image","twitter_misc":{"Est. reading time":"2 minutes"},"schema":{"@context":"https:\/\/schema.org","@graph":[{"@type":"WebPage","@id":"https:\/\/www.enviroaccess.ca\/enviro-liens\/gestion-des-matieres-residuelles\/","url":"https:\/\/www.enviroaccess.ca\/enviro-liens\/gestion-des-matieres-residuelles\/","name":"Waste Management - Enviro-acc\u00e8s","isPartOf":{"@id":"https:\/\/www.enviroaccess.ca\/#website"},"datePublished":"2022-08-12T18:52:08+00:00","dateModified":"2025-07-16T21:13:14+00:00","breadcrumb":{"@id":"https:\/\/www.enviroaccess.ca\/enviro-liens\/gestion-des-matieres-residuelles\/#breadcrumb"},"inLanguage":"en-CA","potentialAction":[{"@type":"ReadAction","target":["https:\/\/www.enviroaccess.ca\/enviro-liens\/gestion-des-matieres-residuelles\/"]}]},{"@type":"BreadcrumbList","@id":"https:\/\/www.enviroaccess.ca\/enviro-liens\/gestion-des-matieres-residuelles\/#breadcrumb","itemListElement":[{"@type":"ListItem","position":1,"name":"Accueil","item":"https:\/\/www.enviroaccess.ca\/en\/"},{"@type":"ListItem","position":2,"name":"Enviro-links","item":"https:\/\/www.enviroaccess.ca\/en\/enviro-links\/"},{"@type":"ListItem","position":3,"name":"Waste Management"}]},{"@type":"WebSite","@id":"https:\/\/www.enviroaccess.ca\/#website","url":"https:\/\/www.enviroaccess.ca\/","name":"Enviro-acc\u00e8s","description":"Un site utilisant WordPress","potentialAction":[{"@type":"SearchAction","target":{"@type":"EntryPoint","urlTemplate":"https:\/\/www.enviroaccess.ca\/?s={search_term_string}"},"query-input":{"@type":"PropertyValueSpecification","valueRequired":true,"valueName":"search_term_string"}}],"inLanguage":"en-CA"}]}},"_links":{"self":[{"href":"https:\/\/www.enviroaccess.ca\/en\/wp-json\/wp\/v2\/pages\/2102","targetHints":{"allow":["GET"]}}],"collection":[{"href":"https:\/\/www.enviroaccess.ca\/en\/wp-json\/wp\/v2\/pages"}],"about":[{"href":"https:\/\/www.enviroaccess.ca\/en\/wp-json\/wp\/v2\/types\/page"}],"author":[{"embeddable":true,"href":"https:\/\/www.enviroaccess.ca\/en\/wp-json\/wp\/v2\/users\/1"}],"replies":[{"embeddable":true,"href":"https:\/\/www.enviroaccess.ca\/en\/wp-json\/wp\/v2\/comments?post=2102"}],"version-history":[{"count":10,"href":"https:\/\/www.enviroaccess.ca\/en\/wp-json\/wp\/v2\/pages\/2102\/revisions"}],"predecessor-version":[{"id":3673,"href":"https:\/\/www.enviroaccess.ca\/en\/wp-json\/wp\/v2\/pages\/2102\/revisions\/3673"}],"up":[{"embeddable":true,"href":"https:\/\/www.enviroaccess.ca\/en\/wp-json\/wp\/v2\/pages\/2089"}],"wp:attachment":[{"href":"https:\/\/www.enviroaccess.ca\/en\/wp-json\/wp\/v2\/media?parent=2102"}],"curies":[{"name":"wp","href":"https:\/\/api.w.org\/{rel}","templated":true}]}}