{"id":2099,"date":"2022-08-12T19:28:27","date_gmt":"2022-08-12T19:28:27","guid":{"rendered":"https:\/\/www.enviroaccess.ca\/enviro-liens\/gestion-des-lieux-contamines\/"},"modified":"2025-07-16T21:10:12","modified_gmt":"2025-07-16T21:10:12","slug":"contaminated-sites-management","status":"publish","type":"page","link":"https:\/\/www.enviroaccess.ca\/en\/enviro-links\/contaminated-sites-management\/","title":{"rendered":"Contaminated Sites Management"},"content":{"rendered":"\t\t<div data-elementor-type=\"wp-page\" data-elementor-id=\"2099\" class=\"elementor elementor-2099 elementor-1120\">\n\t\t\t\t\t\t<section class=\"elementor-section elementor-top-section elementor-element elementor-element-233d0d41 elementor-section-full_width qode_elementor_container_inner elementor-section-height-default elementor-section-height-default parallax_section_no\" data-id=\"233d0d41\" data-element_type=\"section\">\n\t\t\t\t\t\t<div class=\"elementor-container elementor-column-gap-no\">\n\t\t\t\t\t<div class=\"elementor-column elementor-col-100 elementor-top-column elementor-element elementor-element-1ef4990c\" data-id=\"1ef4990c\" data-element_type=\"column\">\n\t\t\t<div class=\"elementor-widget-wrap elementor-element-populated\">\n\t\t\t\t\t\t<div class=\"elementor-element elementor-element-7373941 elementor-widget elementor-widget-text-editor\" data-id=\"7373941\" data-element_type=\"widget\" data-widget_type=\"text-editor.default\">\n\t\t\t\t<div class=\"elementor-widget-container\">\n\t\t\t\t\t\t\t\t\t<p>Remain informed on the developments in the field of contaminated sites.<\/p>\t\t\t\t\t\t\t\t<\/div>\n\t\t\t\t<\/div>\n\t\t\t\t\t<\/div>\n\t\t<\/div>\n\t\t\t\t\t<\/div>\n\t\t<\/section>\n\t\t\t\t<section class=\"elementor-section elementor-top-section elementor-element elementor-element-3e73566 elementor-section-full_width qode_elementor_container_inner elementor-section-height-default elementor-section-height-default parallax_section_no\" data-id=\"3e73566\" data-element_type=\"section\">\n\t\t\t\t\t\t<div class=\"elementor-container elementor-column-gap-no\">\n\t\t\t\t\t<div class=\"elementor-column elementor-col-100 elementor-top-column elementor-element elementor-element-de98f29\" data-id=\"de98f29\" data-element_type=\"column\">\n\t\t\t<div class=\"elementor-widget-wrap elementor-element-populated\">\n\t\t\t\t\t\t<div class=\"elementor-element elementor-element-77cb55b elementor-widget elementor-widget-accordion\" data-id=\"77cb55b\" data-element_type=\"widget\" data-widget_type=\"accordion.default\">\n\t\t\t\t<div class=\"elementor-widget-container\">\n\t\t\t\t\t\t\t<div class=\"elementor-accordion\">\n\t\t\t\t\t\t\t<div class=\"elementor-accordion-item\">\n\t\t\t\t\t<div id=\"elementor-tab-title-1251\" class=\"elementor-tab-title\" data-tab=\"1\" role=\"button\" aria-controls=\"elementor-tab-content-1251\" aria-expanded=\"false\">\n\t\t\t\t\t\t\t\t\t\t\t\t\t<span class=\"elementor-accordion-icon elementor-accordion-icon-left\" aria-hidden=\"true\">\n\t\t\t\t\t\t\t\t\t\t\t\t\t\t\t<span class=\"elementor-accordion-icon-closed\"><i class=\"fas fa-plus\"><\/i><\/span>\n\t\t\t\t\t\t\t\t<span class=\"elementor-accordion-icon-opened\"><i class=\"fas fa-minus\"><\/i><\/span>\n\t\t\t\t\t\t\t\t\t\t\t\t\t\t<\/span>\n\t\t\t\t\t\t\t\t\t\t\t\t<a class=\"elementor-accordion-title\" tabindex=\"0\">Canada<\/a>\n\t\t\t\t\t<\/div>\n\t\t\t\t\t<div id=\"elementor-tab-content-1251\" class=\"elementor-tab-content elementor-clearfix\" data-tab=\"1\" role=\"region\" aria-labelledby=\"elementor-tab-title-1251\"><p><a title=\"aboutREMEDIATION is Canada's leading information resource on site remediation and brownfields redevelopment. Stakeholders and practitioners can access relevant information and tools to guide them through remediation, reclamation and redevelopment.\" href=\"http:\/\/www.aboutremediation.com\/\" target=\"_blank\" rel=\"noopener\">About Remediation<\/a><br \/>aboutREMEDIATION is Canada\u2019s leading information resource on site remediation and brownfields redevelopment. Stakeholders and practitioners can access relevant information and tools to guide them through remediation, reclamation and redevelopment.<\/p><p>\u00a0<\/p><p><a title=\"The revised Federal Contaminated Sites Inventory includes information on all known federal contaminated sites under the custodianship of departments, agencies and consolidated Crown corporations as well as those that are being or have been investigated to\" href=\"http:\/\/www.tbs-sct.gc.ca\/fcsi-rscf\/home-accueil.aspx?Language=EN&amp;sid=wu829133411330\" target=\"_blank\" rel=\"noopener\">Federal Contaminated Sites Inventory<\/a><br \/>The revised Federal Contaminated Sites Inventory includes information on all known federal contaminated sites under the custodianship of departments, agencies and consolidated Crown corporations as well as those that are being or have been investigated to determine whether they have contamination arising from past use that could pose a risk to human health or the environment.<\/p><p>\u00a0<\/p><p><a title=\"The\u00a0R\u00e9pertoire des d\u00e9p\u00f4ts de sols et de r\u00e9sidus industriels\u00a0is a repertory conceived to help you to obtain certain information on the soil and industrial waste disposal sites inventoried by the Quebec ministry\u00a0since 1984.\" href=\"http:\/\/www.mddep.gouv.qc.ca\/sol\/residus_ind\/recherche.asp\" target=\"_blank\" rel=\"noopener\">R\u00e9pertoire des\u00a0d\u00e9p\u00f4ts de sols et de r\u00e9sidus industriels (Qu\u00e9bec)<\/a><br \/>The\u00a0R\u00e9pertoire des d\u00e9p\u00f4ts de sols et de r\u00e9sidus industriels\u00a0is a repertory conceived to help you to obtain certain information on the soil and industrial waste disposal sites inventoried by the Quebec ministry\u00a0since 1984.<\/p><p>\u00a0<\/p><p><a title=\"Inventory containing general and technical information on sites that have been contaminated by industrial and commercial activities or accidental spills. The inventory lists only those sites brought to Ministry\u2019s attention. \" href=\"http:\/\/www.mddep.gouv.qc.ca\/sol\/terrains\/terrains-contamines\/recherche.asp\" target=\"_blank\" rel=\"noopener\">R\u00e9pertoire des terrains contamin\u00e9s (Quebec)<\/a><br \/>Inventory containing general and technical information on sites that have been contaminated by industrial and commercial activities or accidental spills. The inventory lists only those sites brought to Ministry\u2019s attention.<\/p><\/div>\n\t\t\t\t<\/div>\n\t\t\t\t\t\t\t<div class=\"elementor-accordion-item\">\n\t\t\t\t\t<div id=\"elementor-tab-title-1252\" class=\"elementor-tab-title\" data-tab=\"2\" role=\"button\" aria-controls=\"elementor-tab-content-1252\" aria-expanded=\"false\">\n\t\t\t\t\t\t\t\t\t\t\t\t\t<span class=\"elementor-accordion-icon elementor-accordion-icon-left\" aria-hidden=\"true\">\n\t\t\t\t\t\t\t\t\t\t\t\t\t\t\t<span class=\"elementor-accordion-icon-closed\"><i class=\"fas fa-plus\"><\/i><\/span>\n\t\t\t\t\t\t\t\t<span class=\"elementor-accordion-icon-opened\"><i class=\"fas fa-minus\"><\/i><\/span>\n\t\t\t\t\t\t\t\t\t\t\t\t\t\t<\/span>\n\t\t\t\t\t\t\t\t\t\t\t\t<a class=\"elementor-accordion-title\" tabindex=\"0\">United States<\/a>\n\t\t\t\t\t<\/div>\n\t\t\t\t\t<div id=\"elementor-tab-content-1252\" class=\"elementor-tab-content elementor-clearfix\" data-tab=\"2\" role=\"region\" aria-labelledby=\"elementor-tab-title-1252\"><p><a title=\"The Hazardous Waste Clean-Up Information (CLU-IN) Web Site provides information about innovative treatment and site characterization technologies to the hazardous waste remediation community. It describes programs, organizations, publications, and other t\" href=\"http:\/\/www.clu-in.org\/\" target=\"_blank\" rel=\"noopener\">CLU-IN, Hazardous Waste Clean Up Information (US EPA)<\/a><br \/>The Hazardous Waste Clean-Up Information (CLU-IN) Web Site provides information about innovative treatment and site characterization technologies to the hazardous waste remediation community. It describes programs, organizations, publications, and other tools for federal and state personnel, consulting engineers, technology developers and vendors, remediation contractors, researchers, community groups, and individual citizens.<\/p><p>\u00a0<\/p><p><a title=\"The Federal Remediation Technologies Roundtable (FRTR) works to build a collaborative atmosphere among federal agencies involved in hazardous waste site cleanup. \" href=\"http:\/\/www.frtr.gov\/\" target=\"_blank\" rel=\"noopener\">Federal Remediation Technologies Roundtable (FRTR)<\/a><br \/>The Federal Remediation Technologies Roundtable (FRTR) works to build a collaborative atmosphere among federal agencies involved in hazardous waste site cleanup.<\/p><p>\u00a0<\/p><p><a href=\"https:\/\/www.asbestos.com\/abatement-guide\/\" target=\"_blank\" rel=\"noopener\">The Mesothelioma Center \u2013 Asbestos Abatement Guide<\/a><br \/>Your Guide to Hiring an Asbestos Abatement Company<\/p><\/div>\n\t\t\t\t<\/div>\n\t\t\t\t\t\t\t<div class=\"elementor-accordion-item\">\n\t\t\t\t\t<div id=\"elementor-tab-title-1253\" class=\"elementor-tab-title\" data-tab=\"3\" role=\"button\" aria-controls=\"elementor-tab-content-1253\" aria-expanded=\"false\">\n\t\t\t\t\t\t\t\t\t\t\t\t\t<span class=\"elementor-accordion-icon elementor-accordion-icon-left\" aria-hidden=\"true\">\n\t\t\t\t\t\t\t\t\t\t\t\t\t\t\t<span class=\"elementor-accordion-icon-closed\"><i class=\"fas fa-plus\"><\/i><\/span>\n\t\t\t\t\t\t\t\t<span class=\"elementor-accordion-icon-opened\"><i class=\"fas fa-minus\"><\/i><\/span>\n\t\t\t\t\t\t\t\t\t\t\t\t\t\t<\/span>\n\t\t\t\t\t\t\t\t\t\t\t\t<a class=\"elementor-accordion-title\" tabindex=\"0\">International<\/a>\n\t\t\t\t\t<\/div>\n\t\t\t\t\t<div id=\"elementor-tab-content-1253\" class=\"elementor-tab-content elementor-clearfix\" data-tab=\"3\" role=\"region\" aria-labelledby=\"elementor-tab-title-1253\"><p><a title=\"CLARINET brings together the combined knowledge of academics, government experts, consultants, industrial land owners and technology developers. It provides a thematic network on interdisciplinary research, integrating technological, societal and economic\" href=\"https:\/\/cordis.europa.eu\/project\/id\/ENV4980721\" target=\"_blank\" rel=\"noopener\">Contaminated Land Rehabilitation Network for Technologies in Europe (CLARINET)<\/a><br \/>CLARINET brings together the combined knowledge of academics, government experts, consultants, industrial land owners and technology developers. It provides a thematic network on interdisciplinary research, integrating technological, societal and economical aspects for contaminated land management. Overall, 16 European Countries are participating in this project with various types of stakeholders.<\/p><p>\u00a0<\/p><p><a title=\"NICOLE is a leading forum on contaminated land management in Europe, promoting co-operation between industry, academia and service providers on the development and application of sustainable technologies.\" href=\"http:\/\/www.nicole.org\/\" target=\"_blank\" rel=\"noopener\">Network for Industrially Contaminated Lands in Europe (NICOLE)<\/a><br \/>NICOLE is a leading forum on contaminated land management in Europe, promoting co-operation between industry, academia and service providers on the development and application of sustainable technologies.<\/p><\/div>\n\t\t\t\t<\/div>\n\t\t\t\t\t\t\t\t<\/div>\n\t\t\t\t\t\t<\/div>\n\t\t\t\t<\/div>\n\t\t\t\t\t<\/div>\n\t\t<\/div>\n\t\t\t\t\t<\/div>\n\t\t<\/section>\n\t\t\t\t<section class=\"elementor-section elementor-top-section elementor-element elementor-element-620b7e6 elementor-section-boxed elementor-section-height-default elementor-section-height-default parallax_section_no qode_elementor_container_no\" data-id=\"620b7e6\" data-element_type=\"section\" data-settings=\"{&quot;background_background&quot;:&quot;classic&quot;}\">\n\t\t\t\t\t\t<div class=\"elementor-container elementor-column-gap-default\">\n\t\t\t\t\t<div class=\"elementor-column elementor-col-100 elementor-top-column elementor-element elementor-element-57d7bc7\" data-id=\"57d7bc7\" data-element_type=\"column\">\n\t\t\t<div class=\"elementor-widget-wrap elementor-element-populated\">\n\t\t\t\t\t\t<div class=\"elementor-element elementor-element-9899368 elementor-widget elementor-widget-spacer\" data-id=\"9899368\" data-element_type=\"widget\" data-widget_type=\"spacer.default\">\n\t\t\t\t<div class=\"elementor-widget-container\">\n\t\t\t\t\t\t\t<div class=\"elementor-spacer\">\n\t\t\t<div class=\"elementor-spacer-inner\"><\/div>\n\t\t<\/div>\n\t\t\t\t\t\t<\/div>\n\t\t\t\t<\/div>\n\t\t\t\t\t<\/div>\n\t\t<\/div>\n\t\t\t\t\t<\/div>\n\t\t<\/section>\n\t\t\t\t<section class=\"elementor-section elementor-top-section elementor-element elementor-element-7e8278b elementor-section-boxed elementor-section-height-default elementor-section-height-default parallax_section_no qode_elementor_container_no\" data-id=\"7e8278b\" data-element_type=\"section\" data-settings=\"{&quot;background_background&quot;:&quot;classic&quot;}\">\n\t\t\t\t\t\t\t<div class=\"elementor-background-overlay\"><\/div>\n\t\t\t\t\t\t\t<div class=\"elementor-container elementor-column-gap-default\">\n\t\t\t\t\t<div class=\"elementor-column elementor-col-100 elementor-top-column elementor-element elementor-element-945e60f\" data-id=\"945e60f\" data-element_type=\"column\">\n\t\t\t<div class=\"elementor-widget-wrap elementor-element-populated\">\n\t\t\t\t\t\t<div class=\"elementor-element elementor-element-323c21b elementor-widget elementor-widget-spacer\" data-id=\"323c21b\" data-element_type=\"widget\" data-widget_type=\"spacer.default\">\n\t\t\t\t<div class=\"elementor-widget-container\">\n\t\t\t\t\t\t\t<div class=\"elementor-spacer\">\n\t\t\t<div class=\"elementor-spacer-inner\"><\/div>\n\t\t<\/div>\n\t\t\t\t\t\t<\/div>\n\t\t\t\t<\/div>\n\t\t\t\t<section class=\"elementor-section elementor-inner-section elementor-element elementor-element-0da3ed5 elementor-section-boxed elementor-section-height-default elementor-section-height-default parallax_section_no qode_elementor_container_no\" data-id=\"0da3ed5\" data-element_type=\"section\">\n\t\t\t\t\t\t<div class=\"elementor-container elementor-column-gap-default\">\n\t\t\t\t\t<div class=\"elementor-column elementor-col-100 elementor-inner-column elementor-element elementor-element-ec18d7a\" data-id=\"ec18d7a\" data-element_type=\"column\">\n\t\t\t<div class=\"elementor-widget-wrap elementor-element-populated\">\n\t\t\t\t\t\t<div class=\"elementor-element elementor-element-8084eec elementor-widget elementor-widget-text-editor\" data-id=\"8084eec\" data-element_type=\"widget\" data-widget_type=\"text-editor.default\">\n\t\t\t\t<div class=\"elementor-widget-container\">\n\t\t\t\t\t\t\t\t\t<h6><span style=\"color: #ffffff;\">Help us improve our information tools<\/span><\/h6>\t\t\t\t\t\t\t\t<\/div>\n\t\t\t\t<\/div>\n\t\t\t\t<div class=\"elementor-element elementor-element-4321305 elementor-widget elementor-widget-text-editor\" data-id=\"4321305\" data-element_type=\"widget\" data-widget_type=\"text-editor.default\">\n\t\t\t\t<div class=\"elementor-widget-container\">\n\t\t\t\t\t\t\t\t\t<h4><span style=\"color: #ffffff;\">Enviro-links and Directory of Companies<\/span><\/h4>\t\t\t\t\t\t\t\t<\/div>\n\t\t\t\t<\/div>\n\t\t\t\t<div class=\"elementor-element elementor-element-4bbfd51 elementor-widget elementor-widget-text-editor\" data-id=\"4bbfd51\" data-element_type=\"widget\" data-widget_type=\"text-editor.default\">\n\t\t\t\t<div class=\"elementor-widget-container\">\n\t\t\t\t\t\t\t\t\t<span style=\"color: #ffffff;\">Contact us for any other questions or information requests<\/span>\t\t\t\t\t\t\t\t<\/div>\n\t\t\t\t<\/div>\n\t\t\t\t<div class=\"elementor-element elementor-element-074a4a1 elementor-widget elementor-widget-bridge_button\" data-id=\"074a4a1\" data-element_type=\"widget\" data-widget_type=\"bridge_button.default\">\n\t\t\t\t<div class=\"elementor-widget-container\">\n\t\t\t\t\t<a  itemprop=\"url\" href=\"https:\/\/www.enviroaccess.ca\/en\/contact-us\/\" target=\"_blank\" data-hover-background-color='#FFFFFF' data-hover-border-color='#76BC21' data-hover-color='#76BC21' class=\"qbutton  default\" style=\"color: #FFFFFF; border-color: #76BC21; background-color: #76BC21;\">Contact us<\/a>\t\t\t\t<\/div>\n\t\t\t\t<\/div>\n\t\t\t\t\t<\/div>\n\t\t<\/div>\n\t\t\t\t\t<\/div>\n\t\t<\/section>\n\t\t\t\t<div class=\"elementor-element elementor-element-641cec5 elementor-widget elementor-widget-spacer\" data-id=\"641cec5\" data-element_type=\"widget\" data-widget_type=\"spacer.default\">\n\t\t\t\t<div class=\"elementor-widget-container\">\n\t\t\t\t\t\t\t<div class=\"elementor-spacer\">\n\t\t\t<div class=\"elementor-spacer-inner\"><\/div>\n\t\t<\/div>\n\t\t\t\t\t\t<\/div>\n\t\t\t\t<\/div>\n\t\t\t\t\t<\/div>\n\t\t<\/div>\n\t\t\t\t\t<\/div>\n\t\t<\/section>\n\t\t\t\t<\/div>\n\t\t","protected":false},"excerpt":{"rendered":"<p>Remain informed on the developments in the field of contaminated sites. Canada About RemediationaboutREMEDIATION is Canada\u2019s leading information resource on site remediation and brownfields redevelopment. Stakeholders and practitioners can access relevant information and tools to guide them through remediation, reclamation and redevelopment. \u00a0 Federal Contaminated&#8230;<\/p>\n","protected":false},"author":1,"featured_media":0,"parent":2089,"menu_order":0,"comment_status":"closed","ping_status":"closed","template":"","meta":{"_monsterinsights_skip_tracking":false,"_monsterinsights_sitenote_active":false,"_monsterinsights_sitenote_note":"","_monsterinsights_sitenote_category":0,"footnotes":""},"class_list":["post-2099","page","type-page","status-publish","hentry"],"yoast_head":"<!-- This site is optimized with the Yoast SEO plugin v25.9 - https:\/\/yoast.com\/wordpress\/plugins\/seo\/ -->\n<title>Contaminated Sites Management - Enviro-acc\u00e8s<\/title>\n<meta name=\"robots\" content=\"index, follow, max-snippet:-1, max-image-preview:large, max-video-preview:-1\" \/>\n<link rel=\"canonical\" href=\"https:\/\/www.enviroaccess.ca\/en\/enviro-links\/contaminated-sites-management\/\" \/>\n<meta property=\"og:locale\" content=\"en_US\" \/>\n<meta property=\"og:type\" content=\"article\" \/>\n<meta property=\"og:title\" content=\"Contaminated Sites Management - Enviro-acc\u00e8s\" \/>\n<meta property=\"og:description\" content=\"Remain informed on the developments in the field of contaminated sites. Canada About RemediationaboutREMEDIATION is Canada\u2019s leading information resource on site remediation and brownfields redevelopment. Stakeholders and practitioners can access relevant information and tools to guide them through remediation, reclamation and redevelopment. \u00a0 Federal Contaminated...\" \/>\n<meta property=\"og:url\" content=\"https:\/\/www.enviroaccess.ca\/en\/enviro-links\/contaminated-sites-management\/\" \/>\n<meta property=\"og:site_name\" content=\"Enviro-acc\u00e8s\" \/>\n<meta property=\"article:modified_time\" content=\"2025-07-16T21:10:12+00:00\" \/>\n<meta name=\"twitter:card\" content=\"summary_large_image\" \/>\n<meta name=\"twitter:label1\" content=\"Est. reading time\" \/>\n\t<meta name=\"twitter:data1\" content=\"2 minutes\" \/>\n<script type=\"application\/ld+json\" class=\"yoast-schema-graph\">{\"@context\":\"https:\/\/schema.org\",\"@graph\":[{\"@type\":\"WebPage\",\"@id\":\"https:\/\/www.enviroaccess.ca\/en\/enviro-links\/contaminated-sites-management\/\",\"url\":\"https:\/\/www.enviroaccess.ca\/en\/enviro-links\/contaminated-sites-management\/\",\"name\":\"Contaminated Sites Management - Enviro-acc\u00e8s\",\"isPartOf\":{\"@id\":\"https:\/\/www.enviroaccess.ca\/#website\"},\"datePublished\":\"2022-08-12T19:28:27+00:00\",\"dateModified\":\"2025-07-16T21:10:12+00:00\",\"breadcrumb\":{\"@id\":\"https:\/\/www.enviroaccess.ca\/en\/enviro-links\/contaminated-sites-management\/#breadcrumb\"},\"inLanguage\":\"en-CA\",\"potentialAction\":[{\"@type\":\"ReadAction\",\"target\":[\"https:\/\/www.enviroaccess.ca\/en\/enviro-links\/contaminated-sites-management\/\"]}]},{\"@type\":\"BreadcrumbList\",\"@id\":\"https:\/\/www.enviroaccess.ca\/en\/enviro-links\/contaminated-sites-management\/#breadcrumb\",\"itemListElement\":[{\"@type\":\"ListItem\",\"position\":1,\"name\":\"Accueil\",\"item\":\"https:\/\/www.enviroaccess.ca\/en\/\"},{\"@type\":\"ListItem\",\"position\":2,\"name\":\"Enviro-links\",\"item\":\"https:\/\/www.enviroaccess.ca\/en\/enviro-links\/\"},{\"@type\":\"ListItem\",\"position\":3,\"name\":\"Contaminated Sites Management\"}]},{\"@type\":\"WebSite\",\"@id\":\"https:\/\/www.enviroaccess.ca\/#website\",\"url\":\"https:\/\/www.enviroaccess.ca\/\",\"name\":\"Enviro-acc\u00e8s\",\"description\":\"Un site utilisant WordPress\",\"potentialAction\":[{\"@type\":\"SearchAction\",\"target\":{\"@type\":\"EntryPoint\",\"urlTemplate\":\"https:\/\/www.enviroaccess.ca\/?s={search_term_string}\"},\"query-input\":{\"@type\":\"PropertyValueSpecification\",\"valueRequired\":true,\"valueName\":\"search_term_string\"}}],\"inLanguage\":\"en-CA\"}]}<\/script>\n<!-- \/ Yoast SEO plugin. -->","yoast_head_json":{"title":"Contaminated Sites Management - Enviro-acc\u00e8s","robots":{"index":"index","follow":"follow","max-snippet":"max-snippet:-1","max-image-preview":"max-image-preview:large","max-video-preview":"max-video-preview:-1"},"canonical":"https:\/\/www.enviroaccess.ca\/en\/enviro-links\/contaminated-sites-management\/","og_locale":"en_US","og_type":"article","og_title":"Contaminated Sites Management - Enviro-acc\u00e8s","og_description":"Remain informed on the developments in the field of contaminated sites. Canada About RemediationaboutREMEDIATION is Canada\u2019s leading information resource on site remediation and brownfields redevelopment. Stakeholders and practitioners can access relevant information and tools to guide them through remediation, reclamation and redevelopment. \u00a0 Federal Contaminated...","og_url":"https:\/\/www.enviroaccess.ca\/en\/enviro-links\/contaminated-sites-management\/","og_site_name":"Enviro-acc\u00e8s","article_modified_time":"2025-07-16T21:10:12+00:00","twitter_card":"summary_large_image","twitter_misc":{"Est. reading time":"2 minutes"},"schema":{"@context":"https:\/\/schema.org","@graph":[{"@type":"WebPage","@id":"https:\/\/www.enviroaccess.ca\/en\/enviro-links\/contaminated-sites-management\/","url":"https:\/\/www.enviroaccess.ca\/en\/enviro-links\/contaminated-sites-management\/","name":"Contaminated Sites Management - Enviro-acc\u00e8s","isPartOf":{"@id":"https:\/\/www.enviroaccess.ca\/#website"},"datePublished":"2022-08-12T19:28:27+00:00","dateModified":"2025-07-16T21:10:12+00:00","breadcrumb":{"@id":"https:\/\/www.enviroaccess.ca\/en\/enviro-links\/contaminated-sites-management\/#breadcrumb"},"inLanguage":"en-CA","potentialAction":[{"@type":"ReadAction","target":["https:\/\/www.enviroaccess.ca\/en\/enviro-links\/contaminated-sites-management\/"]}]},{"@type":"BreadcrumbList","@id":"https:\/\/www.enviroaccess.ca\/en\/enviro-links\/contaminated-sites-management\/#breadcrumb","itemListElement":[{"@type":"ListItem","position":1,"name":"Accueil","item":"https:\/\/www.enviroaccess.ca\/en\/"},{"@type":"ListItem","position":2,"name":"Enviro-links","item":"https:\/\/www.enviroaccess.ca\/en\/enviro-links\/"},{"@type":"ListItem","position":3,"name":"Contaminated Sites Management"}]},{"@type":"WebSite","@id":"https:\/\/www.enviroaccess.ca\/#website","url":"https:\/\/www.enviroaccess.ca\/","name":"Enviro-acc\u00e8s","description":"Un site utilisant WordPress","potentialAction":[{"@type":"SearchAction","target":{"@type":"EntryPoint","urlTemplate":"https:\/\/www.enviroaccess.ca\/?s={search_term_string}"},"query-input":{"@type":"PropertyValueSpecification","valueRequired":true,"valueName":"search_term_string"}}],"inLanguage":"en-CA"}]}},"_links":{"self":[{"href":"https:\/\/www.enviroaccess.ca\/en\/wp-json\/wp\/v2\/pages\/2099","targetHints":{"allow":["GET"]}}],"collection":[{"href":"https:\/\/www.enviroaccess.ca\/en\/wp-json\/wp\/v2\/pages"}],"about":[{"href":"https:\/\/www.enviroaccess.ca\/en\/wp-json\/wp\/v2\/types\/page"}],"author":[{"embeddable":true,"href":"https:\/\/www.enviroaccess.ca\/en\/wp-json\/wp\/v2\/users\/1"}],"replies":[{"embeddable":true,"href":"https:\/\/www.enviroaccess.ca\/en\/wp-json\/wp\/v2\/comments?post=2099"}],"version-history":[{"count":10,"href":"https:\/\/www.enviroaccess.ca\/en\/wp-json\/wp\/v2\/pages\/2099\/revisions"}],"predecessor-version":[{"id":3646,"href":"https:\/\/www.enviroaccess.ca\/en\/wp-json\/wp\/v2\/pages\/2099\/revisions\/3646"}],"up":[{"embeddable":true,"href":"https:\/\/www.enviroaccess.ca\/en\/wp-json\/wp\/v2\/pages\/2089"}],"wp:attachment":[{"href":"https:\/\/www.enviroaccess.ca\/en\/wp-json\/wp\/v2\/media?parent=2099"}],"curies":[{"name":"wp","href":"https:\/\/api.w.org\/{rel}","templated":true}]}}