{"id":2094,"date":"2022-08-12T18:53:02","date_gmt":"2022-08-12T18:53:02","guid":{"rendered":"https:\/\/www.enviroaccess.ca\/enviro-liens\/developpement-durable\/"},"modified":"2025-07-16T21:12:58","modified_gmt":"2025-07-16T21:12:58","slug":"sustainable-development","status":"publish","type":"page","link":"https:\/\/www.enviroaccess.ca\/en\/enviro-links\/sustainable-development\/","title":{"rendered":"Sustainable Development"},"content":{"rendered":"\t\t<div data-elementor-type=\"wp-page\" data-elementor-id=\"2094\" class=\"elementor elementor-2094 elementor-1090\">\n\t\t\t\t\t\t<section class=\"elementor-section elementor-top-section elementor-element elementor-element-233d0d41 elementor-section-full_width qode_elementor_container_inner elementor-section-height-default elementor-section-height-default parallax_section_no\" data-id=\"233d0d41\" data-element_type=\"section\">\n\t\t\t\t\t\t<div class=\"elementor-container elementor-column-gap-no\">\n\t\t\t\t\t<div class=\"elementor-column elementor-col-100 elementor-top-column elementor-element elementor-element-1ef4990c\" data-id=\"1ef4990c\" data-element_type=\"column\">\n\t\t\t<div class=\"elementor-widget-wrap elementor-element-populated\">\n\t\t\t\t\t\t<div class=\"elementor-element elementor-element-7373941 elementor-widget elementor-widget-text-editor\" data-id=\"7373941\" data-element_type=\"widget\" data-widget_type=\"text-editor.default\">\n\t\t\t\t<div class=\"elementor-widget-container\">\n\t\t\t\t\t\t\t\t\t<p>Sustainable development is the cornerstone of both a healthy economy and a natural environment.<\/p>\t\t\t\t\t\t\t\t<\/div>\n\t\t\t\t<\/div>\n\t\t\t\t\t<\/div>\n\t\t<\/div>\n\t\t\t\t\t<\/div>\n\t\t<\/section>\n\t\t\t\t<section class=\"elementor-section elementor-top-section elementor-element elementor-element-3e73566 elementor-section-full_width qode_elementor_container_inner elementor-section-height-default elementor-section-height-default parallax_section_no\" data-id=\"3e73566\" data-element_type=\"section\">\n\t\t\t\t\t\t<div class=\"elementor-container elementor-column-gap-no\">\n\t\t\t\t\t<div class=\"elementor-column elementor-col-100 elementor-top-column elementor-element elementor-element-de98f29\" data-id=\"de98f29\" data-element_type=\"column\">\n\t\t\t<div class=\"elementor-widget-wrap elementor-element-populated\">\n\t\t\t\t\t\t<div class=\"elementor-element elementor-element-a7ab5b3 elementor-widget elementor-widget-text-editor\" data-id=\"a7ab5b3\" data-element_type=\"widget\" data-widget_type=\"text-editor.default\">\n\t\t\t\t<div class=\"elementor-widget-container\">\n\t\t\t\t\t\t\t\t\t<p><a title=\"The Canadian International Development Agency (CIDA) is Canada\u2019s lead agency for development assistance. It has a mandate to support sustainable development in developing countries in order to reduce poverty and to contribute to a more secure, equitable, \" href=\"https:\/\/www.international.gc.ca\/department-ministere\/dev-infosource.aspx?lang=eng\" target=\"_blank\" rel=\"noopener\">Canadian International Development Agency (CIDA)<\/a><br \/>The Canadian International Development Agency (CIDA) is Canada\u2019s lead agency for development assistance. It has a mandate to support sustainable development in developing countries in order to reduce poverty and to contribute to a more secure, equitable, and prosperous world.<\/p><p>\u00a0<\/p><p><a title=\"The Centre qu\u00e9b\u00e9cois de d\u00e9veloppement durable (CQDD) has the role of developing and adapting sustainable development tools.\" href=\"http:\/\/www.cqdd.qc.ca\/index.php\" target=\"_blank\" rel=\"noopener\">Centre qu\u00e9b\u00e9cois de d\u00e9veloppement durable (CQDD)<\/a><br \/>The Centre qu\u00e9b\u00e9cois de d\u00e9veloppement durable (CQDD) has the role of developing and adapting sustainable development tools.<\/p><p>\u00a0<\/p><p><a href=\"http:\/\/www.faqdd.qc.ca\/\">Fonds d\u2019Action Qu\u00e9b\u00e9cois pour le D\u00e9veloppement Durable (FAQDD)<\/a><\/p><p>\u00a0<\/p><p><a href=\"http:\/\/www.iisd.org\/\" target=\"_blank\" rel=\"noopener\">International Institute for Sustainable Development<\/a><br \/>The International Institute for Sustainable Development contributes to sustainable development by advancing policy recommendations on international trade and investment, economic policy, climate change, measurement and assessment, and natural resources management. By using Internet communications, we report on international negotiations and broker knowledge gained through collaborative projects with global partners, resulting in more rigorous research, capacity building in developing countries and better dialogue between North and South.<\/p><p>\u00a0<\/p><p><a title=\"Sustainable Development Technology Canada (SDTC) is a not-for-profit foundation that finances and supports the development and demonstration of clean technologies which provide solutions to issues of climate change, clean air, water quality and soil, and \" href=\"https:\/\/www.sdtc.ca\/en\/\" target=\"_blank\" rel=\"noopener\">Sustainable Development Technology Canada (SDTC)<\/a><br \/>Sustainable Development Technology Canada (SDTC) is a not-for-profit foundation that finances and supports the development and demonstration of clean technologies which provide solutions to issues of climate change, clean air, water quality and soil, and which deliver economic, environmental and health benefits to Canadians. To do so, the Foundation draws from an investment fund of $550 million.<\/p><p>\u00a0<\/p><p><a href=\"http:\/\/www.wbcsd.org\/\">World Business Council for Sustainable Developpement (WBCSD)<\/a><\/p><p>\u00a0<\/p><p><a href=\"http:\/\/www.wri.org\/\">World Ressource Institute (WRI)<\/a><\/p>\t\t\t\t\t\t\t\t<\/div>\n\t\t\t\t<\/div>\n\t\t\t\t\t<\/div>\n\t\t<\/div>\n\t\t\t\t\t<\/div>\n\t\t<\/section>\n\t\t\t\t<section class=\"elementor-section elementor-top-section elementor-element elementor-element-620b7e6 elementor-section-boxed elementor-section-height-default elementor-section-height-default parallax_section_no qode_elementor_container_no\" data-id=\"620b7e6\" data-element_type=\"section\" data-settings=\"{&quot;background_background&quot;:&quot;classic&quot;}\">\n\t\t\t\t\t\t<div class=\"elementor-container elementor-column-gap-default\">\n\t\t\t\t\t<div class=\"elementor-column elementor-col-100 elementor-top-column elementor-element elementor-element-57d7bc7\" data-id=\"57d7bc7\" data-element_type=\"column\">\n\t\t\t<div class=\"elementor-widget-wrap elementor-element-populated\">\n\t\t\t\t\t\t<div class=\"elementor-element elementor-element-9899368 elementor-widget elementor-widget-spacer\" data-id=\"9899368\" data-element_type=\"widget\" data-widget_type=\"spacer.default\">\n\t\t\t\t<div class=\"elementor-widget-container\">\n\t\t\t\t\t\t\t<div class=\"elementor-spacer\">\n\t\t\t<div class=\"elementor-spacer-inner\"><\/div>\n\t\t<\/div>\n\t\t\t\t\t\t<\/div>\n\t\t\t\t<\/div>\n\t\t\t\t\t<\/div>\n\t\t<\/div>\n\t\t\t\t\t<\/div>\n\t\t<\/section>\n\t\t\t\t<section class=\"elementor-section elementor-top-section elementor-element elementor-element-225a067 elementor-section-boxed elementor-section-height-default elementor-section-height-default parallax_section_no qode_elementor_container_no\" data-id=\"225a067\" data-element_type=\"section\" data-settings=\"{&quot;background_background&quot;:&quot;classic&quot;}\">\n\t\t\t\t\t\t\t<div class=\"elementor-background-overlay\"><\/div>\n\t\t\t\t\t\t\t<div class=\"elementor-container elementor-column-gap-default\">\n\t\t\t\t\t<div class=\"elementor-column elementor-col-100 elementor-top-column elementor-element elementor-element-dfe32a8\" data-id=\"dfe32a8\" data-element_type=\"column\">\n\t\t\t<div class=\"elementor-widget-wrap elementor-element-populated\">\n\t\t\t\t\t\t<div class=\"elementor-element elementor-element-82c264f elementor-widget elementor-widget-spacer\" data-id=\"82c264f\" data-element_type=\"widget\" data-widget_type=\"spacer.default\">\n\t\t\t\t<div class=\"elementor-widget-container\">\n\t\t\t\t\t\t\t<div class=\"elementor-spacer\">\n\t\t\t<div class=\"elementor-spacer-inner\"><\/div>\n\t\t<\/div>\n\t\t\t\t\t\t<\/div>\n\t\t\t\t<\/div>\n\t\t\t\t<section class=\"elementor-section elementor-inner-section elementor-element elementor-element-681c7a6 elementor-section-boxed elementor-section-height-default elementor-section-height-default parallax_section_no qode_elementor_container_no\" data-id=\"681c7a6\" data-element_type=\"section\">\n\t\t\t\t\t\t<div class=\"elementor-container elementor-column-gap-default\">\n\t\t\t\t\t<div class=\"elementor-column elementor-col-100 elementor-inner-column elementor-element elementor-element-afee708\" data-id=\"afee708\" data-element_type=\"column\">\n\t\t\t<div class=\"elementor-widget-wrap elementor-element-populated\">\n\t\t\t\t\t\t<div class=\"elementor-element elementor-element-eaceea5 elementor-widget elementor-widget-text-editor\" data-id=\"eaceea5\" data-element_type=\"widget\" data-widget_type=\"text-editor.default\">\n\t\t\t\t<div class=\"elementor-widget-container\">\n\t\t\t\t\t\t\t\t\t<h6><span style=\"color: #ffffff;\">Help us improve our information tools<\/span><\/h6>\t\t\t\t\t\t\t\t<\/div>\n\t\t\t\t<\/div>\n\t\t\t\t<div class=\"elementor-element elementor-element-8293e38 elementor-widget elementor-widget-text-editor\" data-id=\"8293e38\" data-element_type=\"widget\" data-widget_type=\"text-editor.default\">\n\t\t\t\t<div class=\"elementor-widget-container\">\n\t\t\t\t\t\t\t\t\t<h4><span style=\"color: #ffffff;\">Enviro-links and Directory of Companies<\/span><\/h4>\t\t\t\t\t\t\t\t<\/div>\n\t\t\t\t<\/div>\n\t\t\t\t<div class=\"elementor-element elementor-element-97132ff elementor-widget elementor-widget-text-editor\" data-id=\"97132ff\" data-element_type=\"widget\" data-widget_type=\"text-editor.default\">\n\t\t\t\t<div class=\"elementor-widget-container\">\n\t\t\t\t\t\t\t\t\t<span style=\"color: #ffffff;\">Contact us for any other questions or information requests<\/span>\t\t\t\t\t\t\t\t<\/div>\n\t\t\t\t<\/div>\n\t\t\t\t<div class=\"elementor-element elementor-element-c3f10fa elementor-widget elementor-widget-bridge_button\" data-id=\"c3f10fa\" data-element_type=\"widget\" data-widget_type=\"bridge_button.default\">\n\t\t\t\t<div class=\"elementor-widget-container\">\n\t\t\t\t\t<a  itemprop=\"url\" href=\"https:\/\/www.enviroaccess.ca\/en\/contact-us\/\" target=\"_blank\" data-hover-background-color='#FFFFFF' data-hover-border-color='#76BC21' data-hover-color='#76BC21' class=\"qbutton  default\" style=\"color: #FFFFFF; border-color: #76BC21; background-color: #76BC21;\">Contact us<\/a>\t\t\t\t<\/div>\n\t\t\t\t<\/div>\n\t\t\t\t\t<\/div>\n\t\t<\/div>\n\t\t\t\t\t<\/div>\n\t\t<\/section>\n\t\t\t\t<div class=\"elementor-element elementor-element-59b3741 elementor-widget elementor-widget-spacer\" data-id=\"59b3741\" data-element_type=\"widget\" data-widget_type=\"spacer.default\">\n\t\t\t\t<div class=\"elementor-widget-container\">\n\t\t\t\t\t\t\t<div class=\"elementor-spacer\">\n\t\t\t<div class=\"elementor-spacer-inner\"><\/div>\n\t\t<\/div>\n\t\t\t\t\t\t<\/div>\n\t\t\t\t<\/div>\n\t\t\t\t\t<\/div>\n\t\t<\/div>\n\t\t\t\t\t<\/div>\n\t\t<\/section>\n\t\t\t\t<\/div>\n\t\t","protected":false},"excerpt":{"rendered":"<p>Sustainable development is the cornerstone of both a healthy economy and a natural environment. Canadian International Development Agency (CIDA)The Canadian International Development Agency (CIDA) is Canada\u2019s lead agency for development assistance. It has a mandate to support sustainable development in developing countries in order to&#8230;<\/p>\n","protected":false},"author":1,"featured_media":0,"parent":2089,"menu_order":0,"comment_status":"closed","ping_status":"closed","template":"","meta":{"_monsterinsights_skip_tracking":false,"_monsterinsights_sitenote_active":false,"_monsterinsights_sitenote_note":"","_monsterinsights_sitenote_category":0,"footnotes":""},"class_list":["post-2094","page","type-page","status-publish","hentry"],"yoast_head":"<!-- This site is optimized with the Yoast SEO plugin v25.9 - https:\/\/yoast.com\/wordpress\/plugins\/seo\/ -->\n<title>Sustainable Development - Enviro-acc\u00e8s<\/title>\n<meta name=\"robots\" content=\"index, follow, max-snippet:-1, max-image-preview:large, max-video-preview:-1\" \/>\n<link rel=\"canonical\" href=\"https:\/\/www.enviroaccess.ca\/enviro-liens\/developpement-durable\/\" \/>\n<meta property=\"og:locale\" content=\"en_US\" \/>\n<meta property=\"og:type\" content=\"article\" \/>\n<meta property=\"og:title\" content=\"Sustainable Development - Enviro-acc\u00e8s\" \/>\n<meta property=\"og:description\" content=\"Sustainable development is the cornerstone of both a healthy economy and a natural environment. Canadian International Development Agency (CIDA)The Canadian International Development Agency (CIDA) is Canada\u2019s lead agency for development assistance. It has a mandate to support sustainable development in developing countries in order to...\" \/>\n<meta property=\"og:url\" content=\"https:\/\/www.enviroaccess.ca\/enviro-liens\/developpement-durable\/\" \/>\n<meta property=\"og:site_name\" content=\"Enviro-acc\u00e8s\" \/>\n<meta property=\"article:modified_time\" content=\"2025-07-16T21:12:58+00:00\" \/>\n<meta name=\"twitter:card\" content=\"summary_large_image\" \/>\n<meta name=\"twitter:label1\" content=\"Est. reading time\" \/>\n\t<meta name=\"twitter:data1\" content=\"2 minutes\" \/>\n<script type=\"application\/ld+json\" class=\"yoast-schema-graph\">{\"@context\":\"https:\/\/schema.org\",\"@graph\":[{\"@type\":\"WebPage\",\"@id\":\"https:\/\/www.enviroaccess.ca\/enviro-liens\/developpement-durable\/\",\"url\":\"https:\/\/www.enviroaccess.ca\/enviro-liens\/developpement-durable\/\",\"name\":\"Sustainable Development - Enviro-acc\u00e8s\",\"isPartOf\":{\"@id\":\"https:\/\/www.enviroaccess.ca\/#website\"},\"datePublished\":\"2022-08-12T18:53:02+00:00\",\"dateModified\":\"2025-07-16T21:12:58+00:00\",\"breadcrumb\":{\"@id\":\"https:\/\/www.enviroaccess.ca\/enviro-liens\/developpement-durable\/#breadcrumb\"},\"inLanguage\":\"en-CA\",\"potentialAction\":[{\"@type\":\"ReadAction\",\"target\":[\"https:\/\/www.enviroaccess.ca\/enviro-liens\/developpement-durable\/\"]}]},{\"@type\":\"BreadcrumbList\",\"@id\":\"https:\/\/www.enviroaccess.ca\/enviro-liens\/developpement-durable\/#breadcrumb\",\"itemListElement\":[{\"@type\":\"ListItem\",\"position\":1,\"name\":\"Accueil\",\"item\":\"https:\/\/www.enviroaccess.ca\/en\/\"},{\"@type\":\"ListItem\",\"position\":2,\"name\":\"Enviro-links\",\"item\":\"https:\/\/www.enviroaccess.ca\/en\/enviro-links\/\"},{\"@type\":\"ListItem\",\"position\":3,\"name\":\"Sustainable Development\"}]},{\"@type\":\"WebSite\",\"@id\":\"https:\/\/www.enviroaccess.ca\/#website\",\"url\":\"https:\/\/www.enviroaccess.ca\/\",\"name\":\"Enviro-acc\u00e8s\",\"description\":\"Un site utilisant WordPress\",\"potentialAction\":[{\"@type\":\"SearchAction\",\"target\":{\"@type\":\"EntryPoint\",\"urlTemplate\":\"https:\/\/www.enviroaccess.ca\/?s={search_term_string}\"},\"query-input\":{\"@type\":\"PropertyValueSpecification\",\"valueRequired\":true,\"valueName\":\"search_term_string\"}}],\"inLanguage\":\"en-CA\"}]}<\/script>\n<!-- \/ Yoast SEO plugin. -->","yoast_head_json":{"title":"Sustainable Development - Enviro-acc\u00e8s","robots":{"index":"index","follow":"follow","max-snippet":"max-snippet:-1","max-image-preview":"max-image-preview:large","max-video-preview":"max-video-preview:-1"},"canonical":"https:\/\/www.enviroaccess.ca\/enviro-liens\/developpement-durable\/","og_locale":"en_US","og_type":"article","og_title":"Sustainable Development - Enviro-acc\u00e8s","og_description":"Sustainable development is the cornerstone of both a healthy economy and a natural environment. Canadian International Development Agency (CIDA)The Canadian International Development Agency (CIDA) is Canada\u2019s lead agency for development assistance. It has a mandate to support sustainable development in developing countries in order to...","og_url":"https:\/\/www.enviroaccess.ca\/enviro-liens\/developpement-durable\/","og_site_name":"Enviro-acc\u00e8s","article_modified_time":"2025-07-16T21:12:58+00:00","twitter_card":"summary_large_image","twitter_misc":{"Est. reading time":"2 minutes"},"schema":{"@context":"https:\/\/schema.org","@graph":[{"@type":"WebPage","@id":"https:\/\/www.enviroaccess.ca\/enviro-liens\/developpement-durable\/","url":"https:\/\/www.enviroaccess.ca\/enviro-liens\/developpement-durable\/","name":"Sustainable Development - Enviro-acc\u00e8s","isPartOf":{"@id":"https:\/\/www.enviroaccess.ca\/#website"},"datePublished":"2022-08-12T18:53:02+00:00","dateModified":"2025-07-16T21:12:58+00:00","breadcrumb":{"@id":"https:\/\/www.enviroaccess.ca\/enviro-liens\/developpement-durable\/#breadcrumb"},"inLanguage":"en-CA","potentialAction":[{"@type":"ReadAction","target":["https:\/\/www.enviroaccess.ca\/enviro-liens\/developpement-durable\/"]}]},{"@type":"BreadcrumbList","@id":"https:\/\/www.enviroaccess.ca\/enviro-liens\/developpement-durable\/#breadcrumb","itemListElement":[{"@type":"ListItem","position":1,"name":"Accueil","item":"https:\/\/www.enviroaccess.ca\/en\/"},{"@type":"ListItem","position":2,"name":"Enviro-links","item":"https:\/\/www.enviroaccess.ca\/en\/enviro-links\/"},{"@type":"ListItem","position":3,"name":"Sustainable Development"}]},{"@type":"WebSite","@id":"https:\/\/www.enviroaccess.ca\/#website","url":"https:\/\/www.enviroaccess.ca\/","name":"Enviro-acc\u00e8s","description":"Un site utilisant WordPress","potentialAction":[{"@type":"SearchAction","target":{"@type":"EntryPoint","urlTemplate":"https:\/\/www.enviroaccess.ca\/?s={search_term_string}"},"query-input":{"@type":"PropertyValueSpecification","valueRequired":true,"valueName":"search_term_string"}}],"inLanguage":"en-CA"}]}},"_links":{"self":[{"href":"https:\/\/www.enviroaccess.ca\/en\/wp-json\/wp\/v2\/pages\/2094","targetHints":{"allow":["GET"]}}],"collection":[{"href":"https:\/\/www.enviroaccess.ca\/en\/wp-json\/wp\/v2\/pages"}],"about":[{"href":"https:\/\/www.enviroaccess.ca\/en\/wp-json\/wp\/v2\/types\/page"}],"author":[{"embeddable":true,"href":"https:\/\/www.enviroaccess.ca\/en\/wp-json\/wp\/v2\/users\/1"}],"replies":[{"embeddable":true,"href":"https:\/\/www.enviroaccess.ca\/en\/wp-json\/wp\/v2\/comments?post=2094"}],"version-history":[{"count":13,"href":"https:\/\/www.enviroaccess.ca\/en\/wp-json\/wp\/v2\/pages\/2094\/revisions"}],"predecessor-version":[{"id":3667,"href":"https:\/\/www.enviroaccess.ca\/en\/wp-json\/wp\/v2\/pages\/2094\/revisions\/3667"}],"up":[{"embeddable":true,"href":"https:\/\/www.enviroaccess.ca\/en\/wp-json\/wp\/v2\/pages\/2089"}],"wp:attachment":[{"href":"https:\/\/www.enviroaccess.ca\/en\/wp-json\/wp\/v2\/media?parent=2094"}],"curies":[{"name":"wp","href":"https:\/\/api.w.org\/{rel}","templated":true}]}}